{"id":67,"date":"2022-11-19T12:35:07","date_gmt":"2022-11-19T12:35:07","guid":{"rendered":"https:\/\/foxiz.themeruby.com\/classic\/?page_id=67"},"modified":"2024-04-11T18:35:18","modified_gmt":"2024-04-11T15:35:18","slug":"sanatoryum-gonulluleri","status":"publish","type":"page","link":"https:\/\/sanatoryumgonulluleri.com\/","title":{"rendered":"Sanatoryum G\u00f6n\u00fcll\u00fcleri"},"content":{"rendered":"\t\t<div data-elementor-type=\"wp-page\" data-elementor-id=\"67\" class=\"elementor elementor-67\" data-elementor-post-type=\"page\">\n\t\t\t\t\t\t<section class=\"elementor-section elementor-top-section elementor-element elementor-element-96a7e52 elementor-section-full_width elementor-section-height-default elementor-section-height-default\" data-id=\"96a7e52\" data-element_type=\"section\">\n\t\t\t\t\t\t<div class=\"elementor-container elementor-column-gap-no\">\n\t\t\t\t\t<div class=\"elementor-column elementor-col-100 elementor-top-column elementor-element elementor-element-4b3a1f5\" data-id=\"4b3a1f5\" data-element_type=\"column\">\n\t\t\t<div class=\"elementor-widget-wrap elementor-element-populated\">\n\t\t\t\t\t\t<div class=\"elementor-element elementor-element-a2cc84d elementor--h-position-center elementor--v-position-middle elementor-arrows-position-inside elementor-pagination-position-inside elementor-widget elementor-widget-slides\" data-id=\"a2cc84d\" data-element_type=\"widget\" data-settings=\"{&quot;navigation&quot;:&quot;both&quot;,&quot;autoplay&quot;:&quot;yes&quot;,&quot;pause_on_hover&quot;:&quot;yes&quot;,&quot;pause_on_interaction&quot;:&quot;yes&quot;,&quot;autoplay_speed&quot;:5000,&quot;infinite&quot;:&quot;yes&quot;,&quot;transition&quot;:&quot;slide&quot;,&quot;transition_speed&quot;:500}\" data-widget_type=\"slides.default\">\n\t\t\t\t<div class=\"elementor-widget-container\">\n\t\t\t<style>\/*! elementor-pro - v3.20.0 - 10-04-2024 *\/\n.elementor-slides .swiper-slide-bg{background-size:cover;background-position:50%;background-repeat:no-repeat;min-width:100%;min-height:100%}.elementor-slides .swiper-slide-inner{background-repeat:no-repeat;background-position:50%;position:absolute;top:0;left:0;bottom:0;right:0;padding:50px;margin:auto}.elementor-slides .swiper-slide-inner,.elementor-slides .swiper-slide-inner:hover{color:#fff;display:flex}.elementor-slides .swiper-slide-inner .elementor-background-overlay{position:absolute;z-index:0;top:0;bottom:0;left:0;right:0}.elementor-slides .swiper-slide-inner .elementor-slide-content{position:relative;z-index:1;width:100%}.elementor-slides .swiper-slide-inner .elementor-slide-heading{font-size:35px;font-weight:700;line-height:1}.elementor-slides .swiper-slide-inner .elementor-slide-description{font-size:17px;line-height:1.4}.elementor-slides .swiper-slide-inner .elementor-slide-description:not(:last-child),.elementor-slides .swiper-slide-inner .elementor-slide-heading:not(:last-child){margin-bottom:30px}.elementor-slides .swiper-slide-inner .elementor-slide-button{border:2px solid #fff;color:#fff;background:transparent;display:inline-block}.elementor-slides .swiper-slide-inner .elementor-slide-button,.elementor-slides .swiper-slide-inner .elementor-slide-button:hover{background:transparent;color:inherit;text-decoration:none}.elementor--v-position-top .swiper-slide-inner{align-items:flex-start}.elementor--v-position-bottom .swiper-slide-inner{align-items:flex-end}.elementor--v-position-middle .swiper-slide-inner{align-items:center}.elementor--h-position-left .swiper-slide-inner{justify-content:flex-start}.elementor--h-position-right .swiper-slide-inner{justify-content:flex-end}.elementor--h-position-center .swiper-slide-inner{justify-content:center}body.rtl .elementor-widget-slides .elementor-swiper-button-next{left:10px;right:auto}body.rtl .elementor-widget-slides .elementor-swiper-button-prev{right:10px;left:auto}.elementor-slides-wrapper div:not(.swiper-slide)>.swiper-slide-inner{display:none}@media (max-width:767px){.elementor-slides .swiper-slide-inner{padding:30px}.elementor-slides .swiper-slide-inner .elementor-slide-heading{font-size:23px;line-height:1;margin-bottom:15px}.elementor-slides .swiper-slide-inner .elementor-slide-description{font-size:13px;line-height:1.4;margin-bottom:15px}}<\/style>\t\t<div class=\"elementor-swiper\">\n\t\t\t<div class=\"elementor-slides-wrapper elementor-main-swiper swiper\" dir=\"ltr\" data-animation=\"fadeInUp\">\n\t\t\t\t<div class=\"swiper-wrapper elementor-slides\">\n\t\t\t\t\t\t\t\t\t\t<div class=\"elementor-repeater-item-b130931 swiper-slide\"><div class=\"swiper-slide-bg\" role=\"img\"><\/div><div class=\"swiper-slide-inner\" ><div class=\"swiper-slide-contents\"><div class=\"elementor-slide-heading\">Sanatoryum G\u00f6n\u00fcll\u00fcleri<\/div><\/div><\/div><\/div>\t\t\t\t<\/div>\n\t\t\t\t\t\t\t<\/div>\n\t\t<\/div>\n\t\t\t\t<\/div>\n\t\t\t\t<\/div>\n\t\t\t\t\t<\/div>\n\t\t<\/div>\n\t\t\t\t\t<\/div>\n\t\t<\/section>\n\t\t\t\t<section class=\"elementor-section elementor-top-section elementor-element elementor-element-b30c9c3 elementor-section-boxed elementor-section-height-default elementor-section-height-default\" data-id=\"b30c9c3\" data-element_type=\"section\">\n\t\t\t\t\t\t<div class=\"elementor-container elementor-column-gap-custom\">\n\t\t\t\t\t<div class=\"elementor-column elementor-col-66 elementor-top-column elementor-element elementor-element-02850ca\" data-id=\"02850ca\" data-element_type=\"column\">\n\t\t\t<div class=\"elementor-widget-wrap elementor-element-populated\">\n\t\t\t\t\t\t<div class=\"elementor-element elementor-element-7de4dc1 elementor-widget elementor-widget-foxiz-grid-flex-2\" data-id=\"7de4dc1\" data-element_type=\"widget\" data-widget_type=\"foxiz-grid-flex-2.default\">\n\t\t\t\t<div class=\"elementor-widget-container\">\n\t\t\t<div id=\"uid_7de4dc1\" class=\"block-wrap block-grid block-grid-flex-2 rb-columns rb-col-2 rb-tcol-2 rb-mcol-1 is-gap-custom is-pagi-text ecat-text meta-s-line\"><div class=\"block-inner\">\t\t<div class=\"p-wrap p-grid p-grid-2\" data-pid=\"2187\">\r\n\t\t\t\t<div class=\"feat-holder\">\t\t<div class=\"p-featured\">\r\n\t\t\t\t\t<a class=\"p-flink\" href=\"https:\/\/sanatoryumgonulluleri.com\/index.php\/2024\/02\/22\/bu-hafiza-mekanlarindan-geriye-sadece-heybeliada-sanatoryumu-kaldi\/\" title=\"&#8220;Bu haf\u0131za mekanlar\u0131ndan geriye sadece Heybeliada Sanatoryumu kald\u0131&#8221;\">\r\n\t\t\t<img loading=\"lazy\" decoding=\"async\" width=\"420\" height=\"280\" src=\"https:\/\/sanatoryumgonulluleri.com\/wp-content\/uploads\/2024\/04\/417471077_379807588101344_914047859807430169_n-420x280.jpg\" class=\"featured-img wp-post-image\" alt=\"\" loading=\"lazy\" \/>\t\t<\/a>\r\n\t\t\t\t<\/div>\r\n\t<\/div>\r\n\t\t<h3 class=\"entry-title\">\t\t<a class=\"p-url\" href=\"https:\/\/sanatoryumgonulluleri.com\/index.php\/2024\/02\/22\/bu-hafiza-mekanlarindan-geriye-sadece-heybeliada-sanatoryumu-kaldi\/\" rel=\"bookmark\">&#8220;Bu haf\u0131za mekanlar\u0131ndan geriye sadece Heybeliada Sanatoryumu kald\u0131&#8221;<\/a><\/h3><p class=\"entry-summary\">D\u00fcnya Miras\u0131 Adalar'da Derya Tolgay, mimarl\u0131k tarih\u00e7ileri ve mimarlar Canse Y\u00fczer ve Zafer Akay ile T\u00fcrkiye modern mimarl\u0131\u011f\u0131n\u0131n m\u00fcstesna \u00f6rneklerinden&hellip;<\/p>\r\n\t\t\t\t\t\t<div class=\"p-meta\">\r\n\t\t\t\t<div class=\"meta-inner is-meta\">\r\n\t\t\t\t\t\t\t<span class=\"meta-el meta-category meta-bold\">\r\n\t\t\t\t\t\t\t\t<a class=\"meta-separate category-1\" href=\"https:\/\/sanatoryumgonulluleri.com\/index.php\/category\/genel\/\">Sanatoryum G\u00f6n\u00fcll\u00fcleri<\/a>\r\n\t\t\t\t\t\t\t\t<\/span>\r\n\t\t\t\t<span class=\"meta-el meta-read\">17 dakikada okunabilir<\/span>\r\n\t\t\t\t\t\t<\/div>\r\n\t\t\t\t\t\t\t<\/div>\r\n\t\t\t\t<\/div>\r\n\t\t\t<div class=\"p-wrap p-grid p-grid-2\" data-pid=\"2158\">\r\n\t\t\t\t<div class=\"feat-holder\">\t\t<div class=\"p-featured\">\r\n\t\t\t\t\t<a class=\"p-flink\" href=\"https:\/\/sanatoryumgonulluleri.com\/index.php\/2024\/01\/20\/heybeliadadaki-korler-kimdir\/\" title=\"Heybeliada\u2019daki k\u00f6rler kimdir?\">\r\n\t\t\t<img loading=\"lazy\" decoding=\"async\" width=\"420\" height=\"280\" src=\"https:\/\/sanatoryumgonulluleri.com\/wp-content\/uploads\/2024\/01\/sanatorum15-420x280.jpg\" class=\"featured-img wp-post-image\" alt=\"\" loading=\"lazy\" \/>\t\t<\/a>\r\n\t\t\t\t<\/div>\r\n\t<\/div>\r\n\t\t<h3 class=\"entry-title\">\t\t<a class=\"p-url\" href=\"https:\/\/sanatoryumgonulluleri.com\/index.php\/2024\/01\/20\/heybeliadadaki-korler-kimdir\/\" rel=\"bookmark\">Heybeliada\u2019daki k\u00f6rler kimdir?<\/a><\/h3><p class=\"entry-summary\">Adal\u0131lar olarak t\u00fcm Prens adalar\u0131 sahillerinin ve ormanl\u0131k alanlar\u0131n 3261 say\u0131l\u0131 K\u0131y\u0131 Kanunu'na ayk\u0131r\u0131 olarak y\u00fcksek duvarlar, \u00e7itler ve jiletli&hellip;<\/p>\r\n\t\t\t\t\t\t<div class=\"p-meta\">\r\n\t\t\t\t<div class=\"meta-inner is-meta\">\r\n\t\t\t\t\t\t\t<span class=\"meta-el meta-category meta-bold\">\r\n\t\t\t\t\t\t\t\t<a class=\"meta-separate category-1\" href=\"https:\/\/sanatoryumgonulluleri.com\/index.php\/category\/genel\/\">Sanatoryum G\u00f6n\u00fcll\u00fcleri<\/a>\r\n\t\t\t\t\t\t\t\t<\/span>\r\n\t\t\t\t<span class=\"meta-el meta-read\">8 dakikada okunabilir<\/span>\r\n\t\t\t\t\t\t<\/div>\r\n\t\t\t\t\t\t\t<\/div>\r\n\t\t\t\t<\/div>\r\n\t\t\t<div class=\"p-wrap p-grid p-grid-2\" data-pid=\"2119\">\r\n\t\t\t\t<div class=\"feat-holder\">\t\t<div class=\"p-featured\">\r\n\t\t\t\t\t<a class=\"p-flink\" href=\"https:\/\/sanatoryumgonulluleri.com\/index.php\/2024\/01\/16\/chpli-bicerden-diyanetin-heybeliada-sanatoryumu-ilgisine-tepki\/\" title=\"CHP&#8217;li Bi\u00e7er&#8217;den Diyanet&#8217;in Heybeliada Sanatoryumu \u0130lgisine Tepki\">\r\n\t\t\t<img loading=\"lazy\" decoding=\"async\" width=\"420\" height=\"280\" src=\"https:\/\/sanatoryumgonulluleri.com\/wp-content\/uploads\/2024\/04\/97306e2c-7cbb-4a8f-b636-de41a38f842e-420x280.png\" class=\"featured-img wp-post-image\" alt=\"\" loading=\"lazy\" \/>\t\t<\/a>\r\n\t\t\t\t<\/div>\r\n\t<\/div>\r\n\t\t<h3 class=\"entry-title\">\t\t<a class=\"p-url\" href=\"https:\/\/sanatoryumgonulluleri.com\/index.php\/2024\/01\/16\/chpli-bicerden-diyanetin-heybeliada-sanatoryumu-ilgisine-tepki\/\" rel=\"bookmark\">CHP&#8217;li Bi\u00e7er&#8217;den Diyanet&#8217;in Heybeliada Sanatoryumu \u0130lgisine Tepki<\/a><\/h3><p class=\"entry-summary\">\u0130stanbul'un Heybeliada Sanatoryumu'nun Diyanet'e devrinin iptali sonras\u0131, sanatoryumun biti\u015fi\u011findeki 3,100 metrekarelik alan\u0131n da Diyanet \u0130\u015fleri Ba\u015fkanl\u0131\u011f\u0131'na devredildi\u011fi belirlendi. Bu geli\u015fme&hellip;<\/p>\r\n\t\t\t\t\t\t<div class=\"p-meta\">\r\n\t\t\t\t<div class=\"meta-inner is-meta\">\r\n\t\t\t\t\t\t\t<span class=\"meta-el meta-category meta-bold\">\r\n\t\t\t\t\t\t\t\t<a class=\"meta-separate category-1\" href=\"https:\/\/sanatoryumgonulluleri.com\/index.php\/category\/genel\/\">Sanatoryum G\u00f6n\u00fcll\u00fcleri<\/a>\r\n\t\t\t\t\t\t\t\t<\/span>\r\n\t\t\t\t<span class=\"meta-el meta-read\">3 dakikada okunabilir<\/span>\r\n\t\t\t\t\t\t<\/div>\r\n\t\t\t\t\t\t\t<\/div>\r\n\t\t\t\t<\/div>\r\n\t\t\t<div class=\"p-wrap p-grid p-grid-2\" data-pid=\"2129\">\r\n\t\t\t\t<div class=\"feat-holder\">\t\t<div class=\"p-featured\">\r\n\t\t\t\t\t<a class=\"p-flink\" href=\"https:\/\/sanatoryumgonulluleri.com\/index.php\/2023\/01\/26\/heybeliada-sanatoryumunun-diyanet-isleri-baskanligina-devri-mahkeme-karariyla-iptal-edildi\/\" title=\"Heybeliada Sanatoryumu&#8217;nun Diyanet \u0130\u015fleri Ba\u015fkanl\u0131\u011f\u0131&#8217;na devri, mahkeme karar\u0131yla iptal edildi.\">\r\n\t\t\t<img loading=\"lazy\" decoding=\"async\" width=\"420\" height=\"280\" src=\"https:\/\/sanatoryumgonulluleri.com\/wp-content\/uploads\/2024\/04\/Screenshot_1-420x280.jpg\" class=\"featured-img wp-post-image\" alt=\"\" loading=\"lazy\" \/>\t\t<\/a>\r\n\t\t\t\t<\/div>\r\n\t<\/div>\r\n\t\t<h3 class=\"entry-title\">\t\t<a class=\"p-url\" href=\"https:\/\/sanatoryumgonulluleri.com\/index.php\/2023\/01\/26\/heybeliada-sanatoryumunun-diyanet-isleri-baskanligina-devri-mahkeme-karariyla-iptal-edildi\/\" rel=\"bookmark\">Heybeliada Sanatoryumu&#8217;nun Diyanet \u0130\u015fleri Ba\u015fkanl\u0131\u011f\u0131&#8217;na devri, mahkeme karar\u0131yla iptal edildi.<\/a><\/h3><p class=\"entry-summary\">Heybeliada Sanatoryumu\u2019 nun Diyanet \u0130\u015fleri Ba\u015fkanl\u0131\u011f\u0131\u2019na tahsis edilmesine ili\u015fkin davada verilen iptal karar\u0131, \u00fcst mahkemece temyiz yolu kapal\u0131 olmak \u00fczere&hellip;<\/p>\r\n\t\t\t\t\t\t<div class=\"p-meta\">\r\n\t\t\t\t<div class=\"meta-inner is-meta\">\r\n\t\t\t\t\t\t\t<span class=\"meta-el meta-category meta-bold\">\r\n\t\t\t\t\t\t\t\t<a class=\"meta-separate category-1\" href=\"https:\/\/sanatoryumgonulluleri.com\/index.php\/category\/genel\/\">Sanatoryum G\u00f6n\u00fcll\u00fcleri<\/a>\r\n\t\t\t\t\t\t\t\t<\/span>\r\n\t\t\t\t<span class=\"meta-el meta-read\">2 dakikada okunabilir<\/span>\r\n\t\t\t\t\t\t<\/div>\r\n\t\t\t\t\t\t\t<\/div>\r\n\t\t\t\t<\/div>\r\n\t\t\t<div class=\"p-wrap p-grid p-grid-2\" data-pid=\"2125\">\r\n\t\t\t\t<div class=\"feat-holder\">\t\t<div class=\"p-featured\">\r\n\t\t\t\t\t<a class=\"p-flink\" href=\"https:\/\/sanatoryumgonulluleri.com\/index.php\/2020\/11\/26\/heybeliada-sanatoryumu-hikayesi\/\" title=\"Heybeliada Sanatoryumu hikayesi\">\r\n\t\t\t<img loading=\"lazy\" decoding=\"async\" width=\"420\" height=\"280\" src=\"https:\/\/sanatoryumgonulluleri.com\/wp-content\/uploads\/2024\/04\/acilis-foto.jpg-420x280.webp\" class=\"featured-img wp-post-image\" alt=\"\" loading=\"lazy\" \/>\t\t<\/a>\r\n\t\t\t\t<\/div>\r\n\t<\/div>\r\n\t\t<h3 class=\"entry-title\">\t\t<a class=\"p-url\" href=\"https:\/\/sanatoryumgonulluleri.com\/index.php\/2020\/11\/26\/heybeliada-sanatoryumu-hikayesi\/\" rel=\"bookmark\">Heybeliada Sanatoryumu hikayesi<\/a><\/h3><p class=\"entry-summary\">Heybeliada Sanatoryumu, 15 Kas\u0131m 1924'te a\u00e7\u0131ld\u0131\u011f\u0131nda, 16 yatakl\u0131, olduk\u00e7a m\u00fctevazi bir sa\u011fl\u0131k tesisinden ibaretti. O d\u00f6nemde t\u00fcberk\u00fcloz (verem) hastal\u0131\u011f\u0131, veba,&hellip;<\/p>\r\n\t\t\t\t\t\t<div class=\"p-meta\">\r\n\t\t\t\t<div class=\"meta-inner is-meta\">\r\n\t\t\t\t\t\t\t<span class=\"meta-el meta-category meta-bold\">\r\n\t\t\t\t\t\t\t\t<a class=\"meta-separate category-1\" href=\"https:\/\/sanatoryumgonulluleri.com\/index.php\/category\/genel\/\">Sanatoryum G\u00f6n\u00fcll\u00fcleri<\/a>\r\n\t\t\t\t\t\t\t\t<\/span>\r\n\t\t\t\t<span class=\"meta-el meta-read\">4 dakikada okunabilir<\/span>\r\n\t\t\t\t\t\t<\/div>\r\n\t\t\t\t\t\t\t<\/div>\r\n\t\t\t\t<\/div>\r\n\t<\/div><\/div>\t\t<\/div>\n\t\t\t\t<\/div>\n\t\t\t\t\t<\/div>\n\t\t<\/div>\n\t\t\t\t<div class=\"elementor-column elementor-col-33 elementor-top-column elementor-element elementor-element-d12fb79 rb-sticky is-sidebar\" data-id=\"d12fb79\" data-element_type=\"column\">\n\t\t\t<div class=\"elementor-widget-wrap elementor-element-populated\">\n\t\t\t\t\t\t<div class=\"elementor-element elementor-element-5094c99 elementor-widget elementor-widget-video\" data-id=\"5094c99\" data-element_type=\"widget\" data-settings=\"{&quot;video_type&quot;:&quot;hosted&quot;,&quot;autoplay&quot;:&quot;yes&quot;,&quot;controls&quot;:&quot;yes&quot;}\" data-widget_type=\"video.default\">\n\t\t\t\t<div class=\"elementor-widget-container\">\n\t\t\t<style>\/*! elementor - v3.20.0 - 10-04-2024 *\/\n.elementor-widget-video .elementor-widget-container{overflow:hidden;transform:translateZ(0)}.elementor-widget-video .elementor-wrapper{aspect-ratio:var(--video-aspect-ratio)}.elementor-widget-video .elementor-wrapper iframe,.elementor-widget-video .elementor-wrapper video{height:100%;width:100%;display:flex;border:none;background-color:#000}@supports not (aspect-ratio:1\/1){.elementor-widget-video .elementor-wrapper{position:relative;overflow:hidden;height:0;padding-bottom:calc(100% \/ var(--video-aspect-ratio))}.elementor-widget-video .elementor-wrapper iframe,.elementor-widget-video .elementor-wrapper video{position:absolute;top:0;right:0;bottom:0;left:0}}.elementor-widget-video .elementor-open-inline .elementor-custom-embed-image-overlay{position:absolute;top:0;right:0;bottom:0;left:0;background-size:cover;background-position:50%}.elementor-widget-video .elementor-custom-embed-image-overlay{cursor:pointer;text-align:center}.elementor-widget-video .elementor-custom-embed-image-overlay:hover .elementor-custom-embed-play i{opacity:1}.elementor-widget-video .elementor-custom-embed-image-overlay img{display:block;width:100%;aspect-ratio:var(--video-aspect-ratio);-o-object-fit:cover;object-fit:cover;-o-object-position:center center;object-position:center center}@supports not (aspect-ratio:1\/1){.elementor-widget-video .elementor-custom-embed-image-overlay{position:relative;overflow:hidden;height:0;padding-bottom:calc(100% \/ var(--video-aspect-ratio))}.elementor-widget-video .elementor-custom-embed-image-overlay img{position:absolute;top:0;right:0;bottom:0;left:0}}.elementor-widget-video .e-hosted-video .elementor-video{-o-object-fit:cover;object-fit:cover}.e-con-inner>.elementor-widget-video,.e-con>.elementor-widget-video{width:var(--container-widget-width);--flex-grow:var(--container-widget-flex-grow)}<\/style>\t\t<div class=\"e-hosted-video elementor-wrapper elementor-open-inline\">\n\t\t\t\t\t<video class=\"elementor-video\" src=\"https:\/\/sanatoryumgonulluleri.com\/wp-content\/uploads\/2024\/04\/sanatoryum.mp4\" autoplay=\"\" controls=\"\" controlsList=\"nodownload\"><\/video>\n\t\t\t\t<\/div>\n\t\t\t\t<\/div>\n\t\t\t\t<\/div>\n\t\t\t\t<div class=\"elementor-element elementor-element-4398671 elementor-widget elementor-widget-foxiz-heading\" data-id=\"4398671\" data-element_type=\"widget\" data-widget_type=\"foxiz-heading.default\">\n\t\t\t\t<div class=\"elementor-widget-container\">\n\t\t\t<div id=\"uid_4398671\" class=\"block-h heading-layout-c10\"><div class=\"heading-inner\"><h5 class=\"heading-title\"><span>Hakk\u0131m\u0131zda<\/span><\/h5><\/div><\/div>\t\t<\/div>\n\t\t\t\t<\/div>\n\t\t\t\t<div class=\"elementor-element elementor-element-5cbdfcf elementor-position-top elementor-widget elementor-widget-image-box\" data-id=\"5cbdfcf\" data-element_type=\"widget\" data-widget_type=\"image-box.default\">\n\t\t\t\t<div class=\"elementor-widget-container\">\n\t\t\t<style>\/*! elementor - v3.20.0 - 10-04-2024 *\/\n.elementor-widget-image-box .elementor-image-box-content{width:100%}@media (min-width:768px){.elementor-widget-image-box.elementor-position-left .elementor-image-box-wrapper,.elementor-widget-image-box.elementor-position-right .elementor-image-box-wrapper{display:flex}.elementor-widget-image-box.elementor-position-right .elementor-image-box-wrapper{text-align:right;flex-direction:row-reverse}.elementor-widget-image-box.elementor-position-left .elementor-image-box-wrapper{text-align:left;flex-direction:row}.elementor-widget-image-box.elementor-position-top .elementor-image-box-img{margin:auto}.elementor-widget-image-box.elementor-vertical-align-top .elementor-image-box-wrapper{align-items:flex-start}.elementor-widget-image-box.elementor-vertical-align-middle .elementor-image-box-wrapper{align-items:center}.elementor-widget-image-box.elementor-vertical-align-bottom .elementor-image-box-wrapper{align-items:flex-end}}@media (max-width:767px){.elementor-widget-image-box .elementor-image-box-img{margin-left:auto!important;margin-right:auto!important;margin-bottom:15px}}.elementor-widget-image-box .elementor-image-box-img{display:inline-block}.elementor-widget-image-box .elementor-image-box-title a{color:inherit}.elementor-widget-image-box .elementor-image-box-wrapper{text-align:center}.elementor-widget-image-box .elementor-image-box-description{margin:0}<\/style><div class=\"elementor-image-box-wrapper\"><figure class=\"elementor-image-box-img\"><a href=\"https:\/\/sanatoryumgonulluleri.com\/\" tabindex=\"-1\"><img loading=\"lazy\" loading=\"lazy\" decoding=\"async\" width=\"1080\" height=\"1346\" src=\"https:\/\/sanatoryumgonulluleri.com\/wp-content\/uploads\/2024\/04\/Sanatoryum-10.jpg\" class=\"attachment-full size-full wp-image-2076\" alt=\"\" srcset=\"https:\/\/sanatoryumgonulluleri.com\/wp-content\/uploads\/2024\/04\/Sanatoryum-10.jpg 1080w, https:\/\/sanatoryumgonulluleri.com\/wp-content\/uploads\/2024\/04\/Sanatoryum-10-241x300.jpg 241w, https:\/\/sanatoryumgonulluleri.com\/wp-content\/uploads\/2024\/04\/Sanatoryum-10-822x1024.jpg 822w, https:\/\/sanatoryumgonulluleri.com\/wp-content\/uploads\/2024\/04\/Sanatoryum-10-768x957.jpg 768w, https:\/\/sanatoryumgonulluleri.com\/wp-content\/uploads\/2024\/04\/Sanatoryum-10-860x1072.jpg 860w\" sizes=\"auto, (max-width: 1080px) 100vw, 1080px\" \/><\/a><\/figure><div class=\"elementor-image-box-content\"><h3 class=\"elementor-image-box-title\"><a href=\"https:\/\/sanatoryumgonulluleri.com\/\">Sanatoryum G\u00f6n\u00fcll\u00fcleri<\/a><\/h3><p class=\"elementor-image-box-description\">Heybeliada, \u0130stanbul'un Adalar il\u00e7esinde yer alan, tarih boyunca \u00e7e\u015fitli sa\u011fl\u0131k kurumlar\u0131na ev sahipli\u011fi yapm\u0131\u015f bir ada. \u00d6zellikle, 1924'ten 2005'e kadar hizmet veren Heybeliada Sanatoryumu, T\u00fcrkiye'nin ilk pandemi hastanesi olarak biliniyor ve pek \u00e7ok \u00fcnl\u00fc ismin tedavi g\u00f6rd\u00fc\u011f\u00fc bir yer olarak tarihe ge\u00e7mi\u015ftir\u200b<br>\n\nSanatoryumun korunmas\u0131 ve tarihi miras\u0131n ya\u015fat\u0131lmas\u0131 ad\u0131na olu\u015fturulmu\u015f bir g\u00f6n\u00fcll\u00fc grubunun varl\u0131\u011f\u0131, adan\u0131n ve sanatoryumun \u00f6nemini g\u00f6steren bir \u00f6rnek olarak de\u011ferlendirilebilir. Bu t\u00fcr g\u00f6n\u00fcll\u00fc olu\u015fumlar, genellikle k\u00fclt\u00fcrel miras\u0131 koruma, bilin\u00e7lendirme faaliyetleri yapar ve geni\u015f bir kitleye ula\u015fmada \u00f6nemli bir rol oynarlar.<\/p><\/div><\/div>\t\t<\/div>\n\t\t\t\t<\/div>\n\t\t\t\t<div class=\"elementor-element elementor-element-adb52c2 elementor-widget elementor-widget-foxiz-heading\" data-id=\"adb52c2\" data-element_type=\"widget\" data-widget_type=\"foxiz-heading.default\">\n\t\t\t\t<div class=\"elementor-widget-container\">\n\t\t\t<div id=\"uid_adb52c2\" class=\"block-h heading-layout-c10\"><div class=\"heading-inner\"><h5 class=\"heading-title\"><span>Bizi Takip Edin<\/span><\/h5><\/div><\/div>\t\t<\/div>\n\t\t\t\t<\/div>\n\t\t\t\t<div class=\"elementor-element elementor-element-4aa2988 elementor-widget elementor-widget-foxiz-social-list\" data-id=\"4aa2988\" data-element_type=\"widget\" data-widget_type=\"foxiz-social-list.default\">\n\t\t\t\t<div class=\"elementor-widget-container\">\n\t\t\t\t\t<div class=\"header-social-list\">\r\n\t\t\t<div class=\"e-social-holder\">\r\n\t\t\t\t<a class=\"social-link-facebook\" aria-label=\"Facebook\" data-title=\"Facebook\" href=\"#\" target=\"_blank\" rel=\"noopener\"><i class=\"rbi rbi-facebook\" aria-hidden=\"true\"><\/i><\/a><a class=\"social-link-twitter\" aria-label=\"Twitter\" data-title=\"Twitter\" href=\"#\" target=\"_blank\" rel=\"noopener\"><i class=\"rbi rbi-twitter\" aria-hidden=\"true\"><\/i><\/a><a class=\"social-link-youtube\" aria-label=\"YouTube\" data-title=\"YouTube\" href=\"#\" target=\"_blank\" rel=\"noopener\"><i class=\"rbi rbi-youtube\" aria-hidden=\"true\"><\/i><\/a>\t\t\t<\/div>\r\n\t\t<\/div>\r\n\t\t\t\t<\/div>\n\t\t\t\t<\/div>\n\t\t\t\t\t<\/div>\n\t\t<\/div>\n\t\t\t\t\t<\/div>\n\t\t<\/section>\n\t\t\t\t<\/div>\n\t\t","protected":false},"excerpt":{"rendered":"<p>Sanatoryum G\u00f6n\u00fcll\u00fcleri edit &#8220;Bu haf\u0131za mekanlar\u0131ndan geriye sadece Heybeliada Sanatoryumu kald\u0131&#8221; D\u00fcnya Miras\u0131 Adalar&#8217;da Derya Tolgay, mimarl\u0131k tarih\u00e7ileri ve mimarlar Canse Y\u00fczer ve Zafer Akay ile T\u00fcrkiye modern mimarl\u0131\u011f\u0131n\u0131n m\u00fcstesna \u00f6rneklerinden&hellip; Sanatoryum G\u00f6n\u00fcll\u00fcleri 17 dakikada okunabilir edit Heybeliada\u2019daki k\u00f6rler kimdir? Adal\u0131lar olarak t\u00fcm Prens adalar\u0131 sahillerinin ve ormanl\u0131k alanlar\u0131n 3261 say\u0131l\u0131 K\u0131y\u0131 Kanunu&#8217;na ayk\u0131r\u0131 olarak [&hellip;]<\/p>\n","protected":false},"author":1,"featured_media":0,"parent":0,"menu_order":0,"comment_status":"closed","ping_status":"closed","template":"","meta":{"footnotes":""},"class_list":["post-67","page","type-page","status-publish"],"_links":{"self":[{"href":"https:\/\/sanatoryumgonulluleri.com\/index.php\/wp-json\/wp\/v2\/pages\/67","targetHints":{"allow":["GET"]}}],"collection":[{"href":"https:\/\/sanatoryumgonulluleri.com\/index.php\/wp-json\/wp\/v2\/pages"}],"about":[{"href":"https:\/\/sanatoryumgonulluleri.com\/index.php\/wp-json\/wp\/v2\/types\/page"}],"author":[{"embeddable":true,"href":"https:\/\/sanatoryumgonulluleri.com\/index.php\/wp-json\/wp\/v2\/users\/1"}],"replies":[{"embeddable":true,"href":"https:\/\/sanatoryumgonulluleri.com\/index.php\/wp-json\/wp\/v2\/comments?post=67"}],"version-history":[{"count":67,"href":"https:\/\/sanatoryumgonulluleri.com\/index.php\/wp-json\/wp\/v2\/pages\/67\/revisions"}],"predecessor-version":[{"id":2224,"href":"https:\/\/sanatoryumgonulluleri.com\/index.php\/wp-json\/wp\/v2\/pages\/67\/revisions\/2224"}],"wp:attachment":[{"href":"https:\/\/sanatoryumgonulluleri.com\/index.php\/wp-json\/wp\/v2\/media?parent=67"}],"curies":[{"name":"wp","href":"https:\/\/api.w.org\/{rel}","templated":true}]}}